{"id":36,"date":"2012-08-02T14:32:02","date_gmt":"2012-08-02T18:32:02","guid":{"rendered":"http:\/\/blogs.bu.edu\/ait\/?page_id=36"},"modified":"2024-09-24T11:17:41","modified_gmt":"2024-09-24T15:17:41","slug":"publications","status":"publish","type":"page","link":"https:\/\/blogs.bu.edu\/ait\/publications\/","title":{"rendered":"Publications"},"content":{"rendered":"<h2>Representative publications<\/h2>\n<h2>Immunology<\/h2>\n<h3>Books<\/h3>\n<p>Tauber, A. I. 2017.\u00a0 <em>Immunity, the Evolution of an Idea<\/em>.\u00a0 New York: Oxford University Press.<\/p>\n<p>Gourko, H. Williamson, D.I. and Tauber, S.I. (eds, trans, annotated). 2000.\u00a0 <em>The Evolutionary Biology Papers of Elie Metchnikoff<\/em>.\u00a0 Dordrecht: Kluwer Academic Publishers.<\/p>\n<p>Podolsky, S. H. and Tauber, A.I. 1997. <em>The Generation of Diversity.\u00a0 Clonal Selection Theory and the Rise of Molecular Immunology<\/em>.\u00a0 Cambridge: Harvard University Press.<\/p>\n<p>Tauber, A. I. 1994.\u00a0 <em>The Immune Self. Theory or Metaphor?<\/em> New York: Oxford University Press.<\/p>\n<p>Tauber, A. I. and Chernyak, L. 1991.\u00a0 <em>Metchnikoff and the Origins of Immunology.\u00a0 From Metaphor to Theory<\/em>, New York: Oxford University Press.<\/p>\n<p>Tauber, A. I. (ed.) 1991. <em>Organism and the Origins of Self<\/em>. Dordrecht: Kluwer Academic Publishers.<\/p>\n<h3>Papers<\/h3>\n<p>Swiatczak, B. and Tauber AI. 2020. Philosophy of immunology, <em>The Stanford Encyclopedia of Philosophy<\/em>, Edward N. Zalta\u00a0(ed.), URL = <a href=\"https:\/\/plato.stanford.edu\/entries\/immunology\/\">https:\/\/plato.stanford.edu\/entries\/immunology\/<\/a><\/p>\n<p>Gilbert, S.F. and Tauber, A.I. 2016. Rethinking individuality: The dialectics of the holobiont, <em>Biology and Philosophy<\/em>, 31: 839-53. DOI 10.1007\/s10539-016-9541-3.<\/p>\n<p>Tauber, A.I. 2016. Immunity in context: Science and society in dialogue, <em>THEORIA. An International Journal for Theory, History and Foundations of Science<\/em>, 31:207-224. \u00a0DOI: 10.1387\/theoria.14560<\/p>\n<p>Tauber, A.I. 2015. Reconceiving autoimmunity: An overview, <em>Journal of Theoretical Biology<\/em>, 375: 52-60. http:\/\/dx.doi.org\/10.1016\/j.jtbi.2014.05.029<\/p>\n<p>Tauber, A.I. 2013.\u00a0 Immunology\u2019s theories of cognition, <em>History and Philosophy of the Life Sciences<\/em>, 35: 239-64.<\/p>\n<p>Gilbert, S.H., Sapp, J., and Tauber, A.I. 2012. A symbiotic view of life: We have never been individuals, <em>Quarterly Review of Biology<\/em>, 87:325-41.\u00a0\u00a0 <a href=\"http:\/\/www.jstor.org\/stable\/10.1086\/668166?origin=JSTOR-pdf&amp;\">http:\/\/www.jstor.org\/stable\/10.1086\/668166?origin=JSTOR-pdf&amp;<\/a><\/p>\n<p>Tauber, A.I.\u00a0 2008. The immune system and its ecology, <em>Philosophy of Science<\/em>, 75:224-45.<\/p>\n<p>Tauber, AI.\u00a0 2003. Metchnikoff and the phagocytosis theory, <em>Nature Reviews, Molecular Cell Biology<\/em>.\u00a0 4:897-901.<\/p>\n<p>Crist, E. and Tauber, A.I.\u00a0 2001.The phagocyte, the antibody and agency in immunity: Contending turn-of-the-century approaches, in A.M. Moulin and A. Cambrosio (eds.), <em>Singular Selves:\u00a0 Historical Issues and Contemporary Debates in Immunology<\/em>. Amsterdam: Elsevier, pp. 115-39.<\/p>\n<p>Tauber, A.I. 2000. Moving beyond the immune self? <em>Seminars in Immunology<\/em>. 12:241-48.<\/p>\n<p>Crist, E. and Tauber, AI. 1999. Selfhood, immunity, and the biological imagination: The thought of Frank Macfarlane Burnet. <em>Biology and Philosophy<\/em>. 15:509-33.<\/p>\n<p>Tauber, AI. 1999. The elusive immune self: A case of category errors. <em>Perspectives in Biology and Medicine<\/em>. 42:459-74.<\/p>\n<p>Tauber, A.I. 1997. Historical and philosophical perspectives on immune cognition.\u00a0 <em>Journal of the History of Biology<\/em> 30: 419-440.<\/p>\n<p>Crist, E. and Tauber, A.I. 1997. Debating humoral immunity and epistemology: The rivalry of the immunochemists Jules Bordet and Paul Ehrlich. <em>Journal of the History of Biology<\/em> 30: 321-356.<\/p>\n<p>Tauber, AI. 1995. Postmodernism and the immune self. <em>\u00a0Science in Context<\/em>. 8:579-607.<\/p>\n<p>Tauber, A. I. and Podolsky, S.H. 1994.\u00a0 Macfarlane Burnet and the declaration of the immune self.\u00a0 <em>Journal of the History of Biology<\/em> 27: 531-573.<\/p>\n<p>Tauber, A.I. 1992. The birth of immunology: The fate of the phagocytosis theory.\u00a0 <em>Cellular Immunology<\/em> 139:505-530.<\/p>\n<p>Tauber, A.I.\u00a0 1991. Introduction: Speculations on organism and the origins of Self, in A. I. Tauber (ed.), <em>Organism and the Origins of Self, <\/em>Dordrecht: Kluwer Acadeic Publishers, pp. 1-39.<\/p>\n<p>Chernyak, L. and Tauber, A.I. 1990.\u00a0 The idea of immunity: Metchnikoff&#8217;s metaphysics and science, <em>Journal of the History of Biology<\/em> 23: 187-249.<\/p>\n<h2>Science studies<\/h2>\n<h3>Books<\/h3>\n<p>Tauber, A.I. 2022. <em>The Triumph of Uncertainty.\u00a0 Science and Self in the Postmodern Age<\/em>.\u00a0 Budapest: Central European University Press.<\/p>\n<p>Tauber, A.I. (ed.) 2009.\u00a0 <em>Science and the Quest for Meaning.<\/em>\u00a0 Waco, TX: Baylor University Press.<\/p>\n<p>Tauber, A.I. (ed.) 1997 <em>Science and the Quest for Reality<\/em>.\u00a0 New York: New York University.<\/p>\n<p>Tauber, A.I. (ed.) 1991. <em>The Elusive Synthesis: Aesthetics and Science.<\/em> Dordrecht: Kluwer Acadeic Publishers.<\/p>\n<h3>Papers<\/h3>\n<p>Tauber, A.I. 2025. <em>The View from Within<\/em>: A Cognitivist Account, in <em>Dialogues in Reason<\/em>, <em>The View from Within and Without<\/em>, Z. Gutzeit and N. Efron (eds.), <em>T\u00fcbingen<\/em>: Mohr Siebeck Verlag.<\/p>\n<p>Tauber, A.I. 2007. Science and reason, reason and faith: A Kantian perspective, in <em>Intelligent Design.\u00a0 Science or Religion? Critical Perspectives<\/em>, R. M. Baird and S. E. Rosenbaum (eds.), Amherst, NY: Prometheus Books, \u00a0pp. 307-36.<\/p>\n<p>Ben Jacob, E., Shapira, Y. and Tauber A.I.\u00a0 2005. Seeking the foundations of cognition in bacteria: From Schr\u00f6dinger\u2019s negative entropy to functional information, <em>Physica A<\/em>, 359:495-524.<\/p>\n<p>Tauber, A.I. 2000. A call for scientific literacy: The claims for public understanding, in <em>Effects of Global Business on Scientific Research<\/em>, M. Balaban and H-P Sambuc (eds.)\u00a0 Geneva: Science and Conscience of Man Foundation, pp. 61-84.<\/p>\n<p>Tauber, A.I.\u00a0 \u00a01999. Is biology a political science?<em> BioScience<\/em>. 49:479-86.<\/p>\n<p>Podolsky, SH and Tauber, A.I.\u00a0 1999. Nietzsche&#8217;s conception of health: The idealization of struggle, in <em>Nietzsche, Epistemology<\/em>, <em>and Philosophy of Science: Nietzsche and the Sciences II.<\/em>\u00a0 edited by B. Babich.\u00a0 Dordrecht: Kluwer Academic Publishers. pp. 299-311.<\/p>\n<p>Tauber, A.I. 1999. Book review essay of <em>The Historiography of Contemporary Science and Technology<\/em>, edited by Thomas Soderqvist. Amsterdam: Harwood Academic Publishers, 1997.<em> Science, Technology, and Human Values<\/em>. 24:384-401.<\/p>\n<p>Tauber, A.I. 1998. Ecology and the claims for a science-based ethics, in <em>\u00a0Philosophies of Nature: The Human Dimension.<\/em>\u00a0R.S. Cohen and A.I. Tauber, (eds.) Kluwer Academic Publishers, pp 185-206.Tauber, A.I. 1997. (ed.)<em> Science and the Quest for Reality,\u00a0<\/em>New York University Press.<\/p>\n<p>Tauber A.I. 1994. Darwinian aftershocks: Repercussions in late twentieth century medicine.<em>Journal of the RoyalSociety of Med<\/em>icine87:27-31.<\/p>\n<p>Tauber A.I. 1993.\u00a0 Goethe\u2019s philosophy of science: Modern resonances.\u00a0 <em>Perspectives in Biology and Medicine <\/em>36:244-257.<\/p>\n<p>Tauber AI, and Sarkar S. 1993.\u00a0The ideological basis of the Human Genome Project. <em>Journal of the Royal Society of Medicine <\/em>86:537-540.<\/p>\n<p>Tauber AI, and Sarkar S. 1992.\u00a0The Human Genome Project: Has blind reductionism gone too far?<em>Perspectives in Biology and Medicine <\/em>35:220-235.<\/p>\n<h2>Psychology<\/h2>\n<h3>Books<\/h3>\n<p>Tauber, A.I<em>.\u00a0 <\/em>2025.<em> William James and Sigmund Freud on the Mind<\/em>.\u00a0 <em>Saving Subjectivity.<\/em> New York: Routledge.<\/p>\n<p>Tauber, A.I. 2013.\u00a0 <em>Requiem for the Ego. Freud and the Origins of Postmodernism. <\/em>Stanford: Stanford University Press<\/p>\n<p>Tauber, A.I. 2010. <em>Freud, the Reluctant Philosopher<\/em>. Princeton: Princeton University Press.<\/p>\n<h3>Papers<\/h3>\n<p>Tauber, A.I. 2025. Freud and the problem of moral agency, in D. J. Byrd and S. J. Miri (eds.), <em>Sigmund Freud as a Critical Social Theorist: Psychoanalysis and the Neurotic in Contemporary Society, <\/em>Brill and Haymarket.<\/p>\n<p>Tauber, A.I. 2023. The psychoanalytic <em>das Ich<\/em>: Lost in translation, in <em>The Routledge Handbook of Psychoanalysis and Philosophy<\/em>, A. Govrin and T. Caspi (eds.), Routledge, pp. 359-73.<\/p>\n<p>Tauber, A. I. 2015. \u2018The Other\u2019 within: Freud\u2019s representation of the mind, in <em>Psychology and the Other<\/em>. <em>A Dialogue at the Crossroad of an Emerging Field<\/em>, D. Goodman and M. Freeman (eds.), Oxford University Press, pp. 71-93.<\/p>\n<p>Tauber, A.I. 2015. Entre r\u00e9alit\u00e9 et d\u00e9sirs, l\u2019humanisme freudien reconsid\u00e9r\u00e9, <em>Passages<\/em>, 181: 29-34.<\/p>\n<p>Tauber, A.I. 2014. The rational unconscious: The Freudian mind reconsidered, <em>Philosophy, Psychiatry, &amp; Psychology<\/em>, 20:255-59.<\/p>\n<p>Tauber, A.I. 2013. Freud without Oedipus: The cognitive unconscious, <em>Philosophy, Psychiatry, &amp; Psychology<\/em>, 20:231-41.<\/p>\n<p>Tauber, A. I. 2012. Freud\u2019s social theory: Modernist and postmodernist revisions, <em>History of the Human Sciences<\/em>, 25:41-70. doi:10.1177\/0952695112460045<\/p>\n<p>Tauber, A. I. 2013. Freud and social theory, in G. Claeys (ed.), <em>Encyclopedia of Modern Political Thought<\/em>, Sage Publications, Vol. 1, pp. 321-5.<\/p>\n<p>Tauber, A.I. 2010. Freud\u2019s defense of reason. Response to Johan Eriksson\u2019s \u201cFreud and Philosophy,\u201d <em>The Scandinavian Psychoanalytic Review<\/em>, 33: 151-7.<\/p>\n<p>Tauber, A. I. 2009. Freud\u2019s dreams of reason: The Kantian structure of psychoanalysis, <em>History of the Human Sciences<\/em>, 22:1-29.<\/p>\n<p>Tauber, A.I. 2009. Freud\u2019s philosophical path: From a science of the mind to a philosophy of human being, <em>The Scandinavian Psychoanalytic Review<\/em>, 32:32-43.<\/p>\n<h2>Ethics<\/h2>\n<h3>Books<\/h3>\n<p>Tauber, A.I. 2005. <em>Patient Autonomy and the Ethics of Responsibility.<\/em> Cambridge: The MIT Press<\/p>\n<p>Tauber, A.I. 1999. <em>Confessions of a Medicine Man. An Essay in Popular Philosophy<\/em>. Cambridge: The MIT Press.<\/p>\n<h3>Papers<\/h3>\n<p>Tauber, A.I. 2017. Medicine\u2019s humanism Part 1: Philosophical and historical underpinnings, in J. Marcum (ed.), <em>The<\/em> <em>Bloomsbury Companion of Contemporary Philosophy of Medicine<\/em>, Bloomsbury Press, pp.162-81.<\/p>\n<p>Tauber A.I. 2014. Book review essay of <em>The Cambridge Handbook of Human Dignity.\u00a0 Interdisciplinary Perspectives<\/em>, edited by M. D\u00fcwell, J. Braarvig, R. Brownsword, and D. Mieth.\u00a0 Cambridge: Cambridge University Press, 2014. <em>Perspectives in Biology and Medicine<\/em>, 57: 560-8.<\/p>\n<p>Tauber, A.I. 2008. Medicine and the call for a moral epistemology, Part II: Constructing a synthesis of values, <em>Perspectives in Biology and Medicine<\/em>, 51:450-63.<\/p>\n<p>Tauber, A.I. 2006. Seeking medicine\u2019s moral glue. <em>American Journal of Bioethics<\/em>.\u00a0 6: 41-4.<\/p>\n<p>Tauber, A.I. 2006. The moral domain of the medical record: The routine ethics evaluation. <em>American Journal of Bioethics<\/em>. 6:W1-W16, 2006.<\/p>\n<p>Cooper, R.A. and Tauber, A.I.\u00a02005.\u00a0New physicians for a new century.\u00a0 <em>Academic Medicine<\/em> 80:1086-8.<\/p>\n<p>Tauber, A.I. 2005. Medicine and the call for a moral epistemology.<em> Perspectives in Biology and Medicine <\/em>48:42-53.<\/p>\n<p>Tauber, A.I. 2003. Sick autonomy. <em>Perspectives in Biology and Medicine<\/em>.\u00a0 46:484-95.<\/p>\n<p>Tauber, A.I. 2003. Medical ethics, in <em>Encyclopedia of Science and Religion<\/em>, J. W. V. van Huyssteen, N. R. Howell, N. H. Gregersen, W. J.Wildman, (eds.). New York: Macmillan, pp. 548-52.<\/p>\n<p>Tauber, A.I.\u00a02003.\u00a0Autonomy gone mad.\u00a0 <em>Philosophy in the Contemporary World<\/em>. 10:75-80.<\/p>\n<p>Tauber, A.I. 2003. A philosophical approach to rationing. <em>Australian Journal of Medicine<\/em>. 178:456-8.<\/p>\n<p>Tauber, A. I. 2002. The ethical imperative of holism in medicine, in <em>Promises and Limits of Reductionism in the Biomedical Sciences<\/em>, M. H. V. Van Regenmortel and D.L. Hull (eds.), John Wiley &amp; Sons, pp. 261-78<\/p>\n<p>Tauber, A.I. 2002. Putting ethics into the medical record. <em>Annals of Internal Medicine<\/em>. 136:559-563. Letter of response to comment: 137:933, 2002. Critical correspondence: 137:932-3, 2002.<\/p>\n<p>Tauber, A.I. 2002. The quest for holism in medicine, in<em> The Role of Complementary and Alternative Medicine: Accommodating Pluralism<\/em>, D. Callahan (ed.)., Georgetown University Press, pp. 172-89.<\/p>\n<p>Tauber, A.I. 2002. Medicine, public health and the ethics of rationing. <em>Perspectives in Biology and Medicine<\/em> 45:16-30.<\/p>\n<p>Tauber, A.I. 2001. Le role de Nietzsche dans l\u2019elebaration de l\u2019utopie medicale, in <em>L\u2019utopie de la Sante Parfaite<\/em>, L. Sfez (ed.) Paris: Presses Universitaires de France, pp. 29-37.<\/p>\n<p>Tauber, A.I. 2001. Historical and philosophical reflections on patient autonomy. <em>Health Care Analysis: An International Journal of Health Care Philosophy and Policy<\/em> 9:299-319.<\/p>\n<p>Tauber, A.I. 1998. Outside the subject: Levinas&#8217;s Jewish perspective on time. <em>Graduate Faculty Philosophy Journal<\/em> (New School for Social Research, N.Y.), 20\/21:439-59.<\/p>\n<p>Tauber A.I.\u00a0 1995. On the transvaluation of values: Nietzsche contra Foucault, in <em>Science, Mind and Art<\/em>. <em>Papers in Honor of Robert Cohen,<\/em> K. Gavroglu and M. Wartovsky (eds.).\u00a0 Dordrecht: Kluwer Academic Publishers, pp. 349-367.<\/p>\n<h2>American transcendentalism<\/h2>\n<h3>Books<\/h3>\n<p>Tauber, A.I. 2001. <em>Henry David Thoreau and the Moral Agency of Knowing. <\/em>Berkeley and Los Angeles: University of California Press.<\/p>\n<h3>Papers<\/h3>\n<p>Tauber, A.I. Thoreau and James, Romantics in arms: Saving experience, M. Jolly (ed.) In press.<\/p>\n<p>Tauber, A.I. 2014. On the quandary of dreaming frogs: Deciphering Thoreau\u2019s philosophical engagement, <em>The Concord Saunterer<\/em>, 22:52-74.<\/p>\n<p>Tauber, A. I. 2012. Thoreau\u2019s moral-epistemology and its contemporary relevance, <em>Thoreau\u2019s Importance for Philosophy<\/em>, R. A Furtak, J. Ellsworth, and J. D. Reid (eds.), Fordham University Press, pp. 127-42.<\/p>\n<p>Tauber, A.I. 2008. Emerson. <em>American Philosophy, An Encyclopedia<\/em>. J. Lachs and R. Talisse (eds.), Routledge, pp. 218-21.<\/p>\n<p>Tauber, A.I. 2006. The reflexive project: Reconstructing the moral agent. <em>History of the Human Sciences<\/em>, 18:49-75, 2006.<\/p>\n<p>Tauber, A.I. 2003. The philosopher as prophet: The case of Emerson and Thoreau.\u00a0 <em>Philosophy in the Contemporary World<\/em>.\u00a0 10:89-103.<\/p>\n","protected":false},"excerpt":{"rendered":"<p>Representative publications Immunology Books Tauber, A. I. 2017.\u00a0 Immunity, the Evolution of an Idea.\u00a0 New York: Oxford University Press. Gourko, H. Williamson, D.I. and Tauber, S.I. (eds, trans, annotated). 2000.\u00a0 The Evolutionary Biology Papers of Elie Metchnikoff.\u00a0 Dordrecht: Kluwer Academic Publishers. Podolsky, S. H. and Tauber, A.I. 1997. The Generation of Diversity.\u00a0 Clonal Selection Theory [&hellip;]<\/p>\n","protected":false},"author":2465,"featured_media":0,"parent":0,"menu_order":0,"comment_status":"open","ping_status":"open","template":"","meta":[],"_links":{"self":[{"href":"https:\/\/blogs.bu.edu\/ait\/wp-json\/wp\/v2\/pages\/36"}],"collection":[{"href":"https:\/\/blogs.bu.edu\/ait\/wp-json\/wp\/v2\/pages"}],"about":[{"href":"https:\/\/blogs.bu.edu\/ait\/wp-json\/wp\/v2\/types\/page"}],"author":[{"embeddable":true,"href":"https:\/\/blogs.bu.edu\/ait\/wp-json\/wp\/v2\/users\/2465"}],"replies":[{"embeddable":true,"href":"https:\/\/blogs.bu.edu\/ait\/wp-json\/wp\/v2\/comments?post=36"}],"version-history":[{"count":48,"href":"https:\/\/blogs.bu.edu\/ait\/wp-json\/wp\/v2\/pages\/36\/revisions"}],"predecessor-version":[{"id":371,"href":"https:\/\/blogs.bu.edu\/ait\/wp-json\/wp\/v2\/pages\/36\/revisions\/371"}],"wp:attachment":[{"href":"https:\/\/blogs.bu.edu\/ait\/wp-json\/wp\/v2\/media?parent=36"}],"curies":[{"name":"wp","href":"https:\/\/api.w.org\/{rel}","templated":true}]}}