{"id":384,"date":"2020-10-13T20:45:18","date_gmt":"2020-10-14T00:45:18","guid":{"rendered":"http:\/\/blogs.bu.edu\/danerker\/?page_id=384"},"modified":"2025-01-22T09:57:04","modified_gmt":"2025-01-22T14:57:04","slug":"publications","status":"publish","type":"page","link":"https:\/\/blogs.bu.edu\/danerker\/research\/publications\/","title":{"rendered":"Publications"},"content":{"rendered":"<p><a href=\"https:\/\/scholar.google.com\/citations?user=g1hFhYMAAAAJ&amp;hl=en&amp;oi=ao\">Google Scholar<\/a><\/p>\n<ul>\n<li style=\"list-style-type: none\"><\/li>\n<li>Erker, Daniel.\u00a0 (2025).\u00a0 <a href=\"https:\/\/www.dropbox.com\/scl\/fi\/90afn6pfnd8cdf92ckx6m\/Erker_2025_Nonuniformity_Contact_Outcomes_GURT.pdf?rlkey=qpo42h3ytasulcbk7aoequk4k&amp;st=y6j7b6lk&amp;dl=0\">On the (non-)uniformity of contact outcomes: A comparison of Spanish in New York City and Boston<\/a>. In <span>Fern\u00e1ndez-Mallat, V\u00edctor, and Jennifer Nycz, (Eds.),\u00a0<\/span><a href=\"https:\/\/press.georgetown.edu\/Book\/Dialect-Contact\"><i>Dialect Contact: From Speaker to Community-Based Perspectives<\/i><\/a><span>. Georgetown University Press, 2025.<\/span><\/li>\n<\/ul>\n<ul>\n<li>Erker, Daniel and Lee-Ann Vidal Covas.\u00a0 (2024). <a href=\"https:\/\/www.dropbox.com\/scl\/fi\/a1wr493ytqn5ravaf61j9\/Erker-Vidal-Covas-2024_Bilingual-optimization-stylistic-practice_SHLL.pdf?rlkey=1bdjk7h5kra7woi5cd3stnu3p&amp;st=6paqyoea&amp;dl=0\">Variation, contact, and change in Boston Spanish: how social meaning shapes stylistic practice and bilingual optimization.<\/a> Studies in Hispanic and Lusophone Linguistics, 17(2):223-249. [<a href=\"https:\/\/doi.org\/10.1515\/shll-2024-2010\">DOI<\/a>]<\/li>\n<\/ul>\n<ul>\n<li>Erker, Daniel and Lee-Ann Vidal Covas.\u00a0 (2022). <a href=\"https:\/\/www.dropbox.com\/s\/zx0ii49sy4ekvle\/Erker%20%26%20VidalCovas%202022_espa%C3%B1ol.pdf?dl=0\">Qu\u00e9 decimos cuando no decimos nada: Claves del cambio ling\u00fc\u00edstico inducido por contacto en las pausas llenas del espa\u00f1ol conversacional<\/a>.\n<p class=\"p1\"><i>Estudios del Observatorio \/ Observatorio Studies, 80<\/i>, pp. 1-31. https:\/\/cervantesobservatorio.fas.harvard.edu\/es\/informes<\/p>\n<\/li>\n<\/ul>\n<ul>\n<li>Otheguy, Ricardo, Naomi Shin, and Daniel Erker. (2022). <a href=\"https:\/\/www.dropbox.com\/s\/0wov5vjwiwy3imz\/Otheguy_Shin_Erker_2022_Idiolectal_Nature_LX_Contact.pdf?dl=0\">On the Idiolectal Nature of Lexical and Phonological Contact: Spaniards, Nahuas, and Yorubas in the New World<\/a>. In Salikoko Mufwene &amp; Anna Maria Escobar (Eds.), <em>The Cambridge Handbook of Language Contact. Vol. 2: Multilingualism in Population Structure<\/em>, 370-400. Cambridge University Press.<\/li>\n<\/ul>\n<ul>\n<li>Erker, Daniel. (2022) <a href=\"https:\/\/www.dropbox.com\/s\/fhrri40817rxwx9\/Erker%202022_Social_salience_contact_outcomes.pdf?dl=0\">How social salience can illuminate the outcomes of linguistic contact: Data from Spanish in Boston.<\/a> In Guy, Gregory R. and Karen Beaman, Eds., <em>The coherence of linguistic communities: Orderly Heterogeneity and Social Meaning<\/em>. Routledge Studies in Sociolinguistics. 145-162. [<a href=\"https:\/\/www.taylorfrancis.com\/chapters\/edit\/10.4324\/9781003134558-12\/social-salience-illuminate-outcomes-linguistic-contact-daniel-erker\">DOI<\/a>]<\/li>\n<\/ul>\n<ul>\n<li style=\"text-align: left\">Erker, Daniel and Madeline Reffel. (2021).\u00a0<a href=\"\/danerker\/files\/2021\/03\/Erker_Reffel_2021_Describing_Analyzing_Spanish_s_Prepublication_Proof.pdf\"> Describing and analyzing variability in Spanish \/s\/: A case study of Caribbeans in Boston and NYC<\/a>.\u00a0In\u00a0<i>Sociolinguistic Approaches to Sibilant Variation in Spanish,\u00a0<\/i>Nu\u00f1ez, Eva, Ed.\u00a0Routledge. 131-163. [<a href=\"https:\/\/doi.org\/10.4324\/9781003153948\">DOI<\/a>]<\/li>\n<\/ul>\n<ul>\n<li>\n<p class=\"p1\">Erker, Daniel &amp; Madeline Reffel. (2021). <a href=\"https:\/\/www.cambridge.org\/core\/books\/abs\/english-and-spanish\/persistence-of-dialectal-differences-in-us-spanish\/4E096882AF5DE815ED35D93A2AEF1912\">The Persistence of Dialectal Differences in U.S. Spanish:\/s\/-deletion in Boston and New York City<\/a>. In Perez, Danae M., Marianne Hundt, Johannes Kabatek, and DanielSchreier, Eds., <em>English and Spanish: World Languages in Interaction<\/em>. Cambridge University Press. 312-334.<\/p>\n<\/li>\n<\/ul>\n<ul>\n<li><span>Erker, Daniel and Ricardo Otheguy. (2021).<span>\u00a0<\/span><\/span>\u00a0<a href=\"\/danerker\/files\/2020\/10\/Erker-Otheguy-2020_American_myths_linguistic_assimilation.pdf\">American Myths of Linguistic Assimilation: A Sociolinguistic Rebuttal<\/a>.\u00a0<em>Language in Society. <\/em>50(2): 197-233. [<a href=\"https:\/\/doi.org\/10.1017\/S0047404520000019\">DOI<\/a>]<\/li>\n<\/ul>\n<ul>\n<li><span>Shin, Naomi and Daniel Erker. (2018).\u00a0<a href=\"\/danerker\/files\/2020\/10\/Erker-and-Shin-2018_Questioning-Theoretical-Primitives.pdf\">Questioning Theoretical Primitives in Linguistic Inquiry &#8211; Papers in honor of Ricardo Otheguy<\/a><\/span><span><em>.<\/em> John Benjamins. [<a href=\"http:\/\/dx.doi.org\/10.1075\/sfsl.76\">DOI<\/a>]<\/span><\/li>\n<\/ul>\n<ul>\n<li><span>Erker, Daniel. (2018).\u00a0<a href=\"\/danerker\/files\/2020\/10\/Erker_2018_Geeslin_Cambridge_Handbook_Spanish_Linguistics.pdf\">Sociolinguistic approaches to dialectal, sociolectal, and idiolectal variation in the Hispanophone world<\/a><\/span>.\u00a0In Geeslin, Kimberly, Ed., Cambridge University Press. 529-562.<\/li>\n<\/ul>\n<ul>\n<li><span>Erker, Daniel. (2018).\u00a0<a href=\"\/danerker\/files\/2020\/10\/Erker_2018_Spanish_Dialectal_Contact_Potowski_Handbook.pdf\">Spanish dialectal contact in the United States<\/a><\/span>. In\u00a0<em>Routledge Handbook of Spanish as a Heritage\/Minority Language.<\/em>\u00a0Potowski, Kimberly, Ed., Routledge. 269-283.<\/li>\n<\/ul>\n<ul>\n<li><span>Erker, Daniel (2017).\u00a0<a href=\"\/danerker\/files\/2020\/10\/Erker-2017_Contact-Covariation-and-Salience_Penn-Working-Papers-in-Linguistics-23.2.pdf\">Contact, Co-Variation, and Sociolinguistic Salience: What Mr. Rogers Knows about Language Change<\/a><\/span>.\u00a0<em>University of Pennsylvania Working Papers in Linguistics<\/em> 23(2): 68-77. [<a href=\"https:\/\/repository.upenn.edu\/pwpl\/vol23\/iss2\/9\">DOI<\/a>]<\/li>\n<\/ul>\n<ul>\n<li>Erker, Daniel and Joanna Bruso. (2017). <a href=\"\/danerker\/files\/2020\/10\/Erker-Bruso-2017_Filed-Pauses-Boston-Spanish_LVC.pdf\">Uh, bueno, em&#8230; Filled pauses as a site of contact-induced change in Boston Spanish<\/a>.\u00a0<em>Language Variation and Change<\/em>, 29(2): 205-244. [<a href=\"https:\/\/doi.org\/10.1017\/S0954394517000102\">DOI<\/a>]<\/li>\n<\/ul>\n<ul>\n<li>Erker, Daniel. 2017. \u00a0<a href=\"\/danerker\/files\/2020\/10\/Erker-2017_Language_and_Linguistics_Compass.pdf\">The limits of named language varieties and the role of social salience in dialectal contact: The case of Spanish in the United States<\/a>.<em>\u00a0Language and Linguistics Compass 11:<span>e12232<\/span><\/em><em>. <\/em>[<a href=\"http:\/\/dx.doi.org\/10.1111\/lnc3.12232\">DOI<\/a>]<\/li>\n<\/ul>\n<ul>\n<li><span>Erker, Daniel and Ricardo Otheguy. 2016. <a href=\"\/danerker\/files\/2020\/10\/Erker-Otheguy-2016_Contact-and-Coherence_LINGUA.pdf\">Contact and Coherence: Dialectal leveling and structural convergence in NYC Spanish.<\/a>.<\/span>\u00a0<em>Lingua, <\/em>172: 131-146. [<a href=\"https:\/\/doi.org\/10.1016\/j.lingua.2015.10.011\">DOI<\/a>]<\/li>\n<\/ul>\n<ul>\n<li><span>Naomi Lapidus Shin and Daniel Erker. 2015.\u00a0<a href=\"\/danerker\/files\/2020\/10\/Shin-Erker-2015_Spanish-Pronouns-Children_GUP.pdf\">The emergence of structured variability in morphosyntax: Childhood acquisition of Spanish subject pronouns<\/a><\/span>.\u00a0In Carvalho, Ana Maria, Orozco, Rafael, and Lapidus Shin, Eds., <em>Subject Pronoun Expression in Spanish: A Cross-dialectal perspective<\/em>, Georgetown University Press. 171-191.<\/li>\n<\/ul>\n<ul>\n<li><span>Lisa Davidson and Daniel Erker. 2014.\u00a0<a href=\"\/danerker\/files\/2020\/10\/Davidson-Erker-2014_Case-against-hiatus-resolution_Language.pdf\">Hiatus resolution in American English: the case against glide insertion<\/a><\/span><span>.\u00a0<em>Language<\/em> 90(2): 482-514. [<a href=\"https:\/\/doi.org\/10.1353\/lan.2014.0028\">DOI<\/a>]<\/span><\/li>\n<\/ul>\n<ul>\n<li>Daniel Erker and Gregory R. Guy. 2012.<span>\u00a0<a href=\"\/danerker\/files\/2020\/10\/Erker-Guy-2012_Lexical-Frequency_Language.pdf\">The role of lexical frequency in syntactic variability: Variable subject personal pronoun expression in Spanish<\/a><\/span>.\u00a0\u00a0<em>Language<\/em> 88(3): 526-557. [<a href=\"https:\/\/doi.org\/10.1353\/lan.2012.0050\">DOI<\/a>]<\/li>\n<\/ul>\n<ul>\n<li><span>Daniel Erker. 2012.\u00a0<a href=\"\/danerker\/files\/2020\/10\/Erker-2012_Of-Categories-and-Continua_Penn-Working-Papers.pdf\">Of categories and continua: Relating discrete and gradient properties of sociophonetic variation<\/a><\/span><span>.\u00a0\u00a0<em>University of Pennsylvania Working Papers in Linguistics<\/em> 18(2):11-19. [<a href=\"https:\/\/repository.upenn.edu\/pwpl\/vol18\/iss2\/3\">DOI<\/a>]<\/span><\/li>\n<\/ul>\n<ul>\n<li><span>\u00a0Daniel Erker. 2010.\u00a0<a href=\"\/danerker\/files\/2020\/10\/Erker-2010_Subsegmental-Coda-s_IJSL.pdf\">A subsegmental approach to coda \/s\/ weakening in Dominican Spanish<\/a><\/span><span>.\u00a0<em>International Journal of the Sociology of Language<\/em> 203:9\u201326.<\/span><em>\u00a0<\/em>[<a href=\"https:\/\/doi.org\/10.1515\/ijsl.2010.019\">DOI<\/a>]<\/li>\n<\/ul>\n","protected":false},"excerpt":{"rendered":"<p>Google Scholar Erker, Daniel.\u00a0 (2025).\u00a0 On the (non-)uniformity of contact outcomes: A comparison of Spanish in New York City and Boston. In Fern\u00e1ndez-Mallat, V\u00edctor, and Jennifer Nycz, (Eds.),\u00a0Dialect Contact: From Speaker to Community-Based Perspectives. Georgetown University Press, 2025. Erker, Daniel and Lee-Ann Vidal Covas.\u00a0 (2024). Variation, contact, and change in Boston Spanish: how social meaning &hellip; <a href=\"https:\/\/blogs.bu.edu\/danerker\/research\/publications\/\" class=\"more-link\">Continue reading <span class=\"screen-reader-text\">Publications<\/span> <span class=\"meta-nav\">&rarr;<\/span><\/a><\/p>\n","protected":false},"author":3797,"featured_media":0,"parent":24,"menu_order":0,"comment_status":"closed","ping_status":"closed","template":"page-templates\/full-width.php","meta":[],"_links":{"self":[{"href":"https:\/\/blogs.bu.edu\/danerker\/wp-json\/wp\/v2\/pages\/384"}],"collection":[{"href":"https:\/\/blogs.bu.edu\/danerker\/wp-json\/wp\/v2\/pages"}],"about":[{"href":"https:\/\/blogs.bu.edu\/danerker\/wp-json\/wp\/v2\/types\/page"}],"author":[{"embeddable":true,"href":"https:\/\/blogs.bu.edu\/danerker\/wp-json\/wp\/v2\/users\/3797"}],"replies":[{"embeddable":true,"href":"https:\/\/blogs.bu.edu\/danerker\/wp-json\/wp\/v2\/comments?post=384"}],"version-history":[{"count":44,"href":"https:\/\/blogs.bu.edu\/danerker\/wp-json\/wp\/v2\/pages\/384\/revisions"}],"predecessor-version":[{"id":694,"href":"https:\/\/blogs.bu.edu\/danerker\/wp-json\/wp\/v2\/pages\/384\/revisions\/694"}],"up":[{"embeddable":true,"href":"https:\/\/blogs.bu.edu\/danerker\/wp-json\/wp\/v2\/pages\/24"}],"wp:attachment":[{"href":"https:\/\/blogs.bu.edu\/danerker\/wp-json\/wp\/v2\/media?parent=384"}],"curies":[{"name":"wp","href":"https:\/\/api.w.org\/{rel}","templated":true}]}}