{"id":62,"date":"2020-05-23T20:44:42","date_gmt":"2020-05-24T00:44:42","guid":{"rendered":"http:\/\/blogs.bu.edu\/perron\/?page_id=62"},"modified":"2023-07-01T20:27:24","modified_gmt":"2023-07-02T00:27:24","slug":"phd-students","status":"publish","type":"page","link":"https:\/\/blogs.bu.edu\/perron\/phd-students\/","title":{"rendered":"PhD Students"},"content":{"rendered":"<p><strong> 1st reader, co-chair or main advisor (first\/current job, BU=Boston University):<\/strong><\/p>\n<p>Ren\u00e9 Garcia (PhD, 1992, Princeton): Universit\u00e9 de Montr\u00e9al.<br \/>\nSerena Ng (PhD, 1993, Princeton): Universit\u00e9 de Montr\u00e9al \/ Columbia University.<br \/>\nTimothy J. Volgelsang (PhD, 1993, Princeton): Cornell \/ Michigan State University.<br \/>\nCosme Vodounou (PhD, 1996, Universit\u00e9 de Montr\u00e9al): INSEA (Benin) \/ Afristat.<br \/>\nGabriel Rodrigu\u00e9z (PhD, 1999, Universit\u00e9 de Montr\u00e9al): U. d&#8217;Ottawa \/ PUCP-Peru.<br \/>\nXiaokang Zhu (PhD, 2001, BU): Cornerstone Research \/ Longqi Scientific Investment.<br \/>\nZhongjun Qu (PhD, 2005, BU): University of Illinois at UC \/ Boston University. &#8220;Honorable mention&#8221;, 2006 Arnold Zellner Thesis Award.<br \/>\nTomoyoshi Yabu (PhD, 2006, BU): Bank of Japan \/ Keio University<br \/>\nAi Deng (PhD, 2006, BU): Bates and White LLC \/ NERA Economic Consulting.<br \/>\nTatsuma Wada (PhD, 2006, BU): Wayne State University \/ Keio University.<br \/>\nMohitosh Kejriwal (PhD, 2007, BU): Purdue University.<br \/>\nDukpa Kim (PhD, 2007, BU): University of Virginia \/ Korea University.<br \/>\nJing Zhou (PhD, 2008, BU): Black Rock \/ Seeking Sense Investment Management.<br \/>\nYohei Yamamoto (PhD, 2009, BU): University of Alberta \/ Hitotsubashi University.<br \/>\nYunpeng Zhang (PhD, 2009, BU): Black &amp; Veatch, EMS\/ State Street.<br \/>\nTatsushi Oka (PhD, 2010, BU): National University of Singapore \/ Keio University (Japan).<br \/>\nLinxia Ren (PhD, 2011, BU): SAS \/ Facebook.<br \/>\nAdam McCloskey (PhD, 2011, BU): Brown University\/ U. of Colorado at Boulder.<br \/>\nSungju Chun (PhD, 2012, BU): Korea Insurance Research Institute \/ Gachon U. (Korea).<br \/>\nWendong Shi (PhD, 2013, BU): Renmin University.<br \/>\nYe Li (PhD, 2013, BU): Moody&#8217;s Analytics \/ Fanny Mae.<br \/>\nJiawen Xu (PhD, 2013, BU): Shanghai University of Finance and Economics.<br \/>\nSeong Yeon Chang (PhD, 2014, BU): Xiamen University (China)\/ Soongsil University (Korea).<br \/>\nJie Hou (PhD, 2014, BU): Capital University of Economics and Business (China).<br \/>\nAparna Dutta (PhD, 2015, BU): Bates and White LLC.<br \/>\nMingli Chen (PhD, 2015, BU): The University of Warwick.\u00a0<span>&#8220;Honorable mention&#8221;, 2017 Arnold Zellner Thesis Award.<\/span><br \/>\nFrancsico Estrada (PhD, 2015, Vrije Universiteit, Environmental Economics): ITAM.<br \/>\nAlessandro Casini (PhD, 2019, BU), Tor Vergata (Italy). <span>&#8220;Honorable mention&#8221;, 2020 Arnold Zellner Thesis Award.<\/span><br \/>\n<span>Emilio Gonzalez Coya Sandoval (PhD, 2023, BU), Morgan Stanley.<\/span><\/p>\n<p><strong>Member of the thesis committee (2nd or 3rd reader): <\/strong><\/p>\n<p>Mau-Ting Lin (PhD, 2003, BU); National University of Singapore.<br \/>\nMarco Morales (PhD, 2007, BU): Universidad Diego Portales.<br \/>\nRodrigo Alfaro (PhD, 2008, BU): Banco Central de Chile.<br \/>\nYang K. Lu (PhD, 2009, BU): Hong Kong University of Science and Technology.<br \/>\nShinsuke Ikeda (Ph.D, 2010, BU): Graduate Institute of Policy Studies, Tokyo, Japan.<br \/>\nDenis Tkachenko (PhD, 2012, BU): National University of Singapore.<br \/>\nTszkin Julian Chan (PhD, 2015, BU): Bates and White LLC.<br \/>\nFan Zhuo (PhD, 2016, BU): Amazon.<br \/>\nFran\u00e7ois Guay (PhD, 2016, BU): Cornerstone Research, Boston\/ Questrom Business School (BU).<br \/>\nYuan Tian (PhD, 2017, BU): Alibaba (China).<br \/>\nAndr\u00e9s Sagner (PhD, 2018, BU): Central Bank of Chile.<br \/>\nYi Zhang (PhD, 2018, BU): Jinan University, China.<br \/>\nJunwen Lu (PhD, 2019, BU); Arbella Insurance, USA.<br \/>\nGuang Zhang (PhD, 2021,BU): Hong Kong University of Science and Technology (Guangzhou), China.<br \/>\nTaosong Deng (PhD, 2021): Hunan University, China.<br \/>\nAnlong Qin (PhD, 2022, BU): International Business School at Zhejiang Gongshang University, China.<\/p>\n<p><strong>External Member of the Dissertation Committee: <\/strong><\/p>\n<p>Regina Celia Cati (PhD, 1995, USP, Brazil): USP \/ BU.<br \/>\nMilton Barossi Filho (PhD, 1997, USP, Brazil): USP.<br \/>\nAna G\u00f3mez Loscos (PhD, 2010, Universidad de Zaragoza): Banco de Espana.<\/p>\n","protected":false},"excerpt":{"rendered":"<p>1st reader, co-chair or main advisor (first\/current job, BU=Boston University): Ren\u00e9 Garcia (PhD, 1992, Princeton): Universit\u00e9 de Montr\u00e9al. Serena Ng (PhD, 1993, Princeton): Universit\u00e9 de Montr\u00e9al \/ Columbia University. Timothy J. Volgelsang (PhD, 1993, Princeton): Cornell \/ Michigan State University. Cosme Vodounou (PhD, 1996, Universit\u00e9 de Montr\u00e9al): INSEA (Benin) \/ Afristat. Gabriel Rodrigu\u00e9z (PhD, 1999, [&hellip;]<\/p>\n","protected":false},"author":8085,"featured_media":0,"parent":0,"menu_order":7,"comment_status":"closed","ping_status":"closed","template":"","meta":[],"_links":{"self":[{"href":"https:\/\/blogs.bu.edu\/perron\/wp-json\/wp\/v2\/pages\/62"}],"collection":[{"href":"https:\/\/blogs.bu.edu\/perron\/wp-json\/wp\/v2\/pages"}],"about":[{"href":"https:\/\/blogs.bu.edu\/perron\/wp-json\/wp\/v2\/types\/page"}],"author":[{"embeddable":true,"href":"https:\/\/blogs.bu.edu\/perron\/wp-json\/wp\/v2\/users\/8085"}],"replies":[{"embeddable":true,"href":"https:\/\/blogs.bu.edu\/perron\/wp-json\/wp\/v2\/comments?post=62"}],"version-history":[{"count":12,"href":"https:\/\/blogs.bu.edu\/perron\/wp-json\/wp\/v2\/pages\/62\/revisions"}],"predecessor-version":[{"id":77,"href":"https:\/\/blogs.bu.edu\/perron\/wp-json\/wp\/v2\/pages\/62\/revisions\/77"}],"wp:attachment":[{"href":"https:\/\/blogs.bu.edu\/perron\/wp-json\/wp\/v2\/media?parent=62"}],"curies":[{"name":"wp","href":"https:\/\/api.w.org\/{rel}","templated":true}]}}